{"id":3,"date":"2021-05-19T22:48:01","date_gmt":"2021-05-19T22:48:01","guid":{"rendered":"https:\/\/aneekamicroschool.com\/?page_id=3"},"modified":"2023-07-21T20:54:23","modified_gmt":"2023-07-21T15:54:23","slug":"politica-privacidad","status":"publish","type":"page","link":"https:\/\/aneekamicroschool.com\/index.php\/politica-privacidad\/","title":{"rendered":"Pol\u00edtica de privacidad"},"content":{"rendered":"\n<h2 class=\"wp-block-heading\">Qui\u00e9nes somos<\/h2>\n\n\n\n<p>a direcci\u00f3n de nuestra web es: https:\/\/aneekamicroschool.com.<\/p>\n\n\n\n<h2 class=\"wp-block-heading\">Autorizaci\u00f3n<\/h2>\n\n\n\n<p>BE MICROSCHOOL COLOMBIA S.A.S. Respeta su privacidad. Esta pol\u00edtica describe el tipo de informaci\u00f3n que podr\u00edamos<br>recopilar en nuestros formularios, redes sociales y p\u00e1ginas WEB. Esta pol\u00edtica puede ser actualizada ocasionalmente, de modo<br>que recomendamos consultarla de vez en cuando. Al utilizar cualquiera de nuestras redes sociales, p\u00e1ginas WEB y formularios<br>y\/o al proporcionar informaci\u00f3n personal, usted t\u00e1citamente est\u00e1 expresando su conformidad con el recaudo de datos y con los<br>t\u00e9rminos de esta pol\u00edtica.<\/p>\n\n\n\n<h2 class=\"wp-block-heading\">Recopilaci\u00f3n y utilizaci\u00f3n de informaci\u00f3n personal<\/h2>\n\n\n\n<p>La informaci\u00f3n personal incluye informaci\u00f3n como su nombre, direcci\u00f3n, n\u00famero telef\u00f3nico, fecha de nacimiento y direcci\u00f3n<br>electr\u00f3nica. Generalmente, usted puede visitar nuestra p\u00e1gina Web, o cualquiera de nuestros canales proporcionando<br>informaci\u00f3n personal. Sin embargo, esta informaci\u00f3n ser\u00e1 recabada y utilizada para efectos comerciales, de mercadeo y<br>jur\u00eddicos, por ejemplo, para darle informaci\u00f3n que usted nos haya solicitado. En caso de ser necesario utilizar su informaci\u00f3n<br>personal para otros fines, se lo comunicaremos en ese momento. Al proporcionarnos esta informaci\u00f3n, usted estar\u00e1 dando su<br>consentimiento para utilizar y revelar, para los fines notificados. Si nos enteramos de haber obtenido informaci\u00f3n personal de<br>menores de edad, tal informaci\u00f3n se manejara netamente para la parte acad\u00e9mica y social m\u00e1s no comercial.<\/p>\n\n\n\n<h2 class=\"wp-block-heading\">Revelaci\u00f3n<\/h2>\n\n\n\n<p>Podr\u00edamos revelar su informaci\u00f3n personal a nuestras compa\u00f1\u00edas asociadas y a terceros, para los fines de nuestros negocios,<br>actividades de mercadeo y otras actividades relacionadas con el sitio Web. No venderemos, ni revelaremos su informaci\u00f3n<br>personal ni la de sus hijos menores de edad a terceros, sin su consentimiento expreso, o s\u00f3lo se har\u00e1, de ser necesario, para<br>cumplir con su solicitud o para otros fines relacionados; nunca venderemos, transferiremos ni revelaremos su informaci\u00f3n<br>personal a terceros, para sus actividades comerciales y de mercadeo.<\/p>\n\n\n\n<h2 class=\"wp-block-heading\">Seguridad y precisi\u00f3n<\/h2>\n\n\n\n<p>Consideramos importante la precisi\u00f3n y seguridad de sus datos personales y hemos establecido procedimientos f\u00edsicos y<br>electr\u00f3nicos para poder conservar la seguridad de su informaci\u00f3n personal. Por lo tanto, solamente el personal administrativo<br>autorizado tendr\u00e1 acceso a esta informaci\u00f3n. En caso de habernos enviado informaci\u00f3n personal que desean borrar de nuestros<br>registros o que quisieran actualizar, favor utilizar los detalles de contacto correspondientes en nuestra p\u00e1gina \u00abcont\u00e1ctenos\u00bb.<br>Conc\u00e9danos el tiempo necesario para actualizar sus datos.<\/p>\n\n\n\n<h2 class=\"wp-block-heading\">Transferencias<\/h2>\n\n\n\n<p>Cualquier informaci\u00f3n personal que recopilemos ser\u00e1 guardada en el pa\u00eds, quiz\u00e1 sea transferida tambi\u00e9n a otros pa\u00edses en caso<br>de necesitarlo.<\/p>\n\n\n\n<h2 class=\"wp-block-heading\">Cont\u00e1ctenos<\/h2>\n\n\n\n<p>Para preguntas adicionales, favor visite la p\u00e1gina: https:\/\/aneekamicroschool.com o comun\u00edquese con nosotros a trav\u00e9s del<br>correo: asistente.aneeka@gmail.com Adem\u00e1s, puede remitirse a la pol\u00edtica de bases de datos para conocer detalles acerca de<br>c\u00f3mo enviar preguntas y sugerencias, respecto a esta pol\u00edtica de privacidad.<\/p>\n\n\n\n<h2 class=\"wp-block-heading\"><\/h2>\n","protected":false},"excerpt":{"rendered":"<p>Qui\u00e9nes somos a direcci\u00f3n de nuestra web es: https:\/\/aneekamicroschool.com. Autorizaci\u00f3n BE MICROSCHOOL COLOMBIA S.A.S. Respeta su privacidad. Esta pol\u00edtica describe el tipo de informaci\u00f3n que podr\u00edamosrecopilar en nuestros formularios, redes sociales y p\u00e1ginas WEB. Esta pol\u00edtica puede ser actualizada ocasionalmente, de modoque recomendamos consultarla de vez en cuando. Al utilizar cualquiera de nuestras redes sociales, [&hellip;]<\/p>\n","protected":false},"author":5,"featured_media":0,"parent":0,"menu_order":0,"comment_status":"closed","ping_status":"open","template":"","meta":{"_monsterinsights_skip_tracking":false,"_monsterinsights_sitenote_active":false,"_monsterinsights_sitenote_note":"","_monsterinsights_sitenote_category":0,"site-sidebar-layout":"default","site-content-layout":"","ast-site-content-layout":"default","site-content-style":"default","site-sidebar-style":"default","ast-global-header-display":"","ast-banner-title-visibility":"","ast-main-header-display":"","ast-hfb-above-header-display":"","ast-hfb-below-header-display":"","ast-hfb-mobile-header-display":"","site-post-title":"","ast-breadcrumbs-content":"","ast-featured-img":"","footer-sml-layout":"","ast-disable-related-posts":"","theme-transparent-header-meta":"","adv-header-id-meta":"","stick-header-meta":"","header-above-stick-meta":"","header-main-stick-meta":"","header-below-stick-meta":"","astra-migrate-meta-layouts":"default","ast-page-background-enabled":"default","ast-page-background-meta":{"desktop":{"background-color":"","background-image":"","background-repeat":"repeat","background-position":"center center","background-size":"auto","background-attachment":"scroll","background-type":"","background-media":"","overlay-type":"","overlay-color":"","overlay-opacity":"","overlay-gradient":""},"tablet":{"background-color":"","background-image":"","background-repeat":"repeat","background-position":"center center","background-size":"auto","background-attachment":"scroll","background-type":"","background-media":"","overlay-type":"","overlay-color":"","overlay-opacity":"","overlay-gradient":""},"mobile":{"background-color":"","background-image":"","background-repeat":"repeat","background-position":"center center","background-size":"auto","background-attachment":"scroll","background-type":"","background-media":"","overlay-type":"","overlay-color":"","overlay-opacity":"","overlay-gradient":""}},"ast-content-background-meta":{"desktop":{"background-color":"var(--ast-global-color-5)","background-image":"","background-repeat":"repeat","background-position":"center center","background-size":"auto","background-attachment":"scroll","background-type":"","background-media":"","overlay-type":"","overlay-color":"","overlay-opacity":"","overlay-gradient":""},"tablet":{"background-color":"var(--ast-global-color-5)","background-image":"","background-repeat":"repeat","background-position":"center center","background-size":"auto","background-attachment":"scroll","background-type":"","background-media":"","overlay-type":"","overlay-color":"","overlay-opacity":"","overlay-gradient":""},"mobile":{"background-color":"var(--ast-global-color-5)","background-image":"","background-repeat":"repeat","background-position":"center center","background-size":"auto","background-attachment":"scroll","background-type":"","background-media":"","overlay-type":"","overlay-color":"","overlay-opacity":"","overlay-gradient":""}},"footnotes":""},"class_list":["post-3","page","type-page","status-publish","hentry"],"aioseo_notices":[],"_links":{"self":[{"href":"https:\/\/aneekamicroschool.com\/index.php\/wp-json\/wp\/v2\/pages\/3","targetHints":{"allow":["GET"]}}],"collection":[{"href":"https:\/\/aneekamicroschool.com\/index.php\/wp-json\/wp\/v2\/pages"}],"about":[{"href":"https:\/\/aneekamicroschool.com\/index.php\/wp-json\/wp\/v2\/types\/page"}],"author":[{"embeddable":true,"href":"https:\/\/aneekamicroschool.com\/index.php\/wp-json\/wp\/v2\/users\/5"}],"replies":[{"embeddable":true,"href":"https:\/\/aneekamicroschool.com\/index.php\/wp-json\/wp\/v2\/comments?post=3"}],"version-history":[{"count":0,"href":"https:\/\/aneekamicroschool.com\/index.php\/wp-json\/wp\/v2\/pages\/3\/revisions"}],"wp:attachment":[{"href":"https:\/\/aneekamicroschool.com\/index.php\/wp-json\/wp\/v2\/media?parent=3"}],"curies":[{"name":"wp","href":"https:\/\/api.w.org\/{rel}","templated":true}]}}