{"id":25132,"date":"2021-05-22T01:56:44","date_gmt":"2021-05-21T20:56:44","guid":{"rendered":"https:\/\/aneekamicroschool.com\/?page_id=25132"},"modified":"2023-07-11T02:50:42","modified_gmt":"2023-07-10T21:50:42","slug":"aneeka-micro-shool","status":"publish","type":"page","link":"https:\/\/aneekamicroschool.com\/index.php\/aneeka-micro-shool\/","title":{"rendered":"Aneeka Microschool"},"content":{"rendered":"\t\t<div data-elementor-type=\"wp-page\" data-elementor-id=\"25132\" class=\"elementor elementor-25132\" data-elementor-post-type=\"page\">\n\t\t\t\t\t\t<section class=\"elementor-section elementor-top-section elementor-element elementor-element-453fd4b elementor-section-boxed elementor-section-height-default elementor-section-height-default\" data-id=\"453fd4b\" data-element_type=\"section\" data-e-type=\"section\">\n\t\t\t\t\t\t<div class=\"elementor-container elementor-column-gap-default\">\n\t\t\t\t\t<div class=\"elementor-column elementor-col-100 elementor-top-column elementor-element elementor-element-b4cc289\" data-id=\"b4cc289\" data-element_type=\"column\" data-e-type=\"column\">\n\t\t\t<div class=\"elementor-widget-wrap elementor-element-populated\">\n\t\t\t\t\t\t<div class=\"elementor-element elementor-element-3ebf699 elementor-widget elementor-widget-spacer\" data-id=\"3ebf699\" data-element_type=\"widget\" data-e-type=\"widget\" data-widget_type=\"spacer.default\">\n\t\t\t\t<div class=\"elementor-widget-container\">\n\t\t\t\t\t\t\t<div class=\"elementor-spacer\">\n\t\t\t<div class=\"elementor-spacer-inner\"><\/div>\n\t\t<\/div>\n\t\t\t\t\t\t<\/div>\n\t\t\t\t<\/div>\n\t\t\t\t\t<\/div>\n\t\t<\/div>\n\t\t\t\t\t<\/div>\n\t\t<\/section>\n\t\t\t\t<section class=\"elementor-section elementor-top-section elementor-element elementor-element-0e2d7f0 elementor-section-boxed elementor-section-height-default elementor-section-height-default\" data-id=\"0e2d7f0\" data-element_type=\"section\" data-e-type=\"section\">\n\t\t\t\t\t\t<div class=\"elementor-container elementor-column-gap-default\">\n\t\t\t\t\t<div class=\"elementor-column elementor-col-100 elementor-top-column elementor-element elementor-element-a4bc0d1\" data-id=\"a4bc0d1\" data-element_type=\"column\" data-e-type=\"column\">\n\t\t\t<div class=\"elementor-widget-wrap elementor-element-populated\">\n\t\t\t\t\t\t<div class=\"elementor-element elementor-element-bd44e62 elementor-widget elementor-widget-heading\" data-id=\"bd44e62\" data-element_type=\"widget\" data-e-type=\"widget\" data-widget_type=\"heading.default\">\n\t\t\t\t<div class=\"elementor-widget-container\">\n\t\t\t\t\t<h2 class=\"elementor-heading-title elementor-size-default\">Aneeka Microschool<\/h2>\t\t\t\t<\/div>\n\t\t\t\t<\/div>\n\t\t\t\t\t<\/div>\n\t\t<\/div>\n\t\t\t\t\t<\/div>\n\t\t<\/section>\n\t\t\t\t<section class=\"elementor-section elementor-top-section elementor-element elementor-element-9e4cccc elementor-section-boxed elementor-section-height-default elementor-section-height-default\" data-id=\"9e4cccc\" data-element_type=\"section\" data-e-type=\"section\">\n\t\t\t\t\t\t<div class=\"elementor-container elementor-column-gap-default\">\n\t\t\t\t\t<div class=\"elementor-column elementor-col-100 elementor-top-column elementor-element elementor-element-2992ffc\" data-id=\"2992ffc\" data-element_type=\"column\" data-e-type=\"column\">\n\t\t\t<div class=\"elementor-widget-wrap elementor-element-populated\">\n\t\t\t\t\t\t<div class=\"elementor-element elementor-element-b7dda44 elementor-widget elementor-widget-text-editor\" data-id=\"b7dda44\" data-element_type=\"widget\" data-e-type=\"widget\" data-widget_type=\"text-editor.default\">\n\t\t\t\t<div class=\"elementor-widget-container\">\n\t\t\t\t\t\t\t\t\t<p dir=\"ltr\">Aneeka es un punto de conexi\u00f3n en el que los ni\u00f1os a trav\u00e9s de una educaci\u00f3n alternativa podr\u00e1n aprender y vivir experiencias de aprendizaje significativas. Acompa\u00f1amos a los ni\u00f1os en sus procesos de crecimiento, autoconocimiento y empoderamiento. Propiciamos un ambiente nutritivo para su sano desarrollo, descubrimiento de sus habilidades, pasiones y prop\u00f3sito de vida. La experiencia Aneeka Microschool est\u00e1 dise\u00f1ada para ni\u00f1os desde los 4 a\u00f1os y hasta que busquen su camino ya sea en el mundo universitario, t\u00e9cnico o experiencial. En este momento contamos con nuestra primera sede en el barrio Quinta Camacho con capacidad para 7 laboratorios con grupos de m\u00e1ximo 12 ni\u00f1os por laboratorio. Indudablemente estos tiempos de cambio nos han llevado a innovar y a ser infinitamente creativos, por lo que contamos con un espacio alternativo en el parque del Chic\u00f3 que nos da la posibilidad de desarrollar nuestras experiencias de manera presencial en un entorno abierto y seguro, como complemento de nuestra sede principal en Quinta Camacho.<\/p>\t\t\t\t\t\t\t\t<\/div>\n\t\t\t\t<\/div>\n\t\t\t\t\t<\/div>\n\t\t<\/div>\n\t\t\t\t\t<\/div>\n\t\t<\/section>\n\t\t\t\t<section class=\"elementor-section elementor-top-section elementor-element elementor-element-747bd9d elementor-section-boxed elementor-section-height-default elementor-section-height-default\" data-id=\"747bd9d\" data-element_type=\"section\" data-e-type=\"section\">\n\t\t\t\t\t\t<div class=\"elementor-container elementor-column-gap-default\">\n\t\t\t\t\t<div class=\"elementor-column elementor-col-100 elementor-top-column elementor-element elementor-element-88d4979\" data-id=\"88d4979\" data-element_type=\"column\" data-e-type=\"column\">\n\t\t\t<div class=\"elementor-widget-wrap elementor-element-populated\">\n\t\t\t\t\t\t<div class=\"elementor-element elementor-element-3970578 elementor-widget elementor-widget-heading\" data-id=\"3970578\" data-element_type=\"widget\" data-e-type=\"widget\" data-widget_type=\"heading.default\">\n\t\t\t\t<div class=\"elementor-widget-container\">\n\t\t\t\t\t<h2 class=\"elementor-heading-title elementor-size-default\">Si estas interesado en Aneeka, ingresa tus datos. <\/h2>\t\t\t\t<\/div>\n\t\t\t\t<\/div>\n\t\t\t\t\t<\/div>\n\t\t<\/div>\n\t\t\t\t\t<\/div>\n\t\t<\/section>\n\t\t\t\t<section class=\"elementor-section elementor-top-section elementor-element elementor-element-8d1a6d4 elementor-section-boxed elementor-section-height-default elementor-section-height-default\" data-id=\"8d1a6d4\" data-element_type=\"section\" data-e-type=\"section\">\n\t\t\t\t\t\t<div class=\"elementor-container elementor-column-gap-default\">\n\t\t\t\t\t<div class=\"elementor-column elementor-col-100 elementor-top-column elementor-element elementor-element-c67c2df\" data-id=\"c67c2df\" data-element_type=\"column\" data-e-type=\"column\">\n\t\t\t<div class=\"elementor-widget-wrap elementor-element-populated\">\n\t\t\t\t\t\t<div class=\"elementor-element elementor-element-1aacbae elementor-widget elementor-widget-wpforms\" data-id=\"1aacbae\" data-element_type=\"widget\" data-e-type=\"widget\" data-widget_type=\"wpforms.default\">\n\t\t\t\t<div class=\"elementor-widget-container\">\n\t\t\t\t\t<div class=\"wpforms-container \" id=\"wpforms-26289\"><form id=\"wpforms-form-26289\" class=\"wpforms-validate wpforms-form wpforms-ajax-form\" data-formid=\"26289\" method=\"post\" enctype=\"multipart\/form-data\" action=\"\/index.php\/wp-json\/wp\/v2\/pages\/25132\" data-token=\"13c3743647a69d8d770cc32181576fd7\" data-token-time=\"1777429429\"><noscript class=\"wpforms-error-noscript\">Por favor, activa JavaScript en tu navegador para completar este formulario.<\/noscript><div class=\"wpforms-field-container\"><div id=\"wpforms-26289-field_21-container\" class=\"wpforms-field wpforms-field-name\" data-field-id=\"21\"><label class=\"wpforms-field-label\">Nombre del Aprendiz <span class=\"wpforms-required-label\">*<\/span><\/label><div class=\"wpforms-field-row wpforms-field-large\"><div class=\"wpforms-field-row-block wpforms-first wpforms-one-half\"><input type=\"text\" id=\"wpforms-26289-field_21\" class=\"wpforms-field-name-first wpforms-field-required\" name=\"wpforms[fields][21][first]\" required><label for=\"wpforms-26289-field_21\" class=\"wpforms-field-sublabel after\">Nombre<\/label><\/div><div class=\"wpforms-field-row-block wpforms-one-half\"><input type=\"text\" id=\"wpforms-26289-field_21-last\" class=\"wpforms-field-name-last wpforms-field-required\" name=\"wpforms[fields][21][last]\" required><label for=\"wpforms-26289-field_21-last\" class=\"wpforms-field-sublabel after\">Apellidos<\/label><\/div><\/div><\/div><div id=\"wpforms-26289-field_16-container\" class=\"wpforms-field wpforms-field-text\" data-field-id=\"16\"><label class=\"wpforms-field-label\" for=\"wpforms-26289-field_16\">Fecha de Cumplea\u00f1os <span class=\"wpforms-required-label\">*<\/span><\/label><input type=\"text\" id=\"wpforms-26289-field_16\" class=\"wpforms-field-large wpforms-field-required\" name=\"wpforms[fields][16]\" placeholder=\"MM\/DD\/YYYY\" required><\/div><div id=\"wpforms-26289-field_7-container\" class=\"wpforms-field wpforms-field-checkbox wpforms-list-2-columns\" data-field-id=\"7\"><label class=\"wpforms-field-label\">Periodo en el que esta Interesado <span class=\"wpforms-required-label\">*<\/span><\/label><ul id=\"wpforms-26289-field_7\" class=\"wpforms-field-required\"><li class=\"choice-2 depth-1\"><input type=\"checkbox\" id=\"wpforms-26289-field_7_2\" name=\"wpforms[fields][7][]\" value=\"Agosto 2026\" required ><label class=\"wpforms-field-label-inline\" for=\"wpforms-26289-field_7_2\">Agosto 2026<\/label><\/li><li class=\"choice-3 depth-1\"><input type=\"checkbox\" id=\"wpforms-26289-field_7_3\" name=\"wpforms[fields][7][]\" value=\"Enero 2027\" required ><label class=\"wpforms-field-label-inline\" for=\"wpforms-26289-field_7_3\">Enero 2027<\/label><\/li><li class=\"choice-4 depth-1\"><input type=\"checkbox\" id=\"wpforms-26289-field_7_4\" name=\"wpforms[fields][7][]\" value=\"Agosto 2027\" required ><label class=\"wpforms-field-label-inline\" for=\"wpforms-26289-field_7_4\">Agosto 2027<\/label><\/li><li class=\"choice-1 depth-1\"><input type=\"checkbox\" id=\"wpforms-26289-field_7_1\" name=\"wpforms[fields][7][]\" value=\"Enero 2028\" required ><label class=\"wpforms-field-label-inline\" for=\"wpforms-26289-field_7_1\">Enero 2028<\/label><\/li><\/ul><\/div><div id=\"wpforms-26289-field_24-container\" class=\"wpforms-field wpforms-field-checkbox wpforms-list-2-columns\" data-field-id=\"24\"><label class=\"wpforms-field-label\">A que laboratorio desea ingresar? <span class=\"wpforms-required-label\">*<\/span><\/label><ul id=\"wpforms-26289-field_24\" class=\"wpforms-field-required\"><li class=\"choice-1 depth-1\"><input type=\"checkbox\" id=\"wpforms-26289-field_24_1\" name=\"wpforms[fields][24][]\" value=\"Nido Lab (4-5 a\u00f1os)\" required ><label class=\"wpforms-field-label-inline\" for=\"wpforms-26289-field_24_1\">Nido Lab (4-5 a\u00f1os)<\/label><\/li><li class=\"choice-2 depth-1\"><input type=\"checkbox\" id=\"wpforms-26289-field_24_2\" name=\"wpforms[fields][24][]\" value=\"America Lab (6-7 a\u00f1os)\" required ><label class=\"wpforms-field-label-inline\" for=\"wpforms-26289-field_24_2\">America Lab (6-7 a\u00f1os)<\/label><\/li><li class=\"choice-4 depth-1\"><input type=\"checkbox\" id=\"wpforms-26289-field_24_4\" name=\"wpforms[fields][24][]\" value=\"Europa Lab (8-9 a\u00f1os)\" required ><label class=\"wpforms-field-label-inline\" for=\"wpforms-26289-field_24_4\">Europa Lab (8-9 a\u00f1os)<\/label><\/li><li class=\"choice-5 depth-1\"><input type=\"checkbox\" id=\"wpforms-26289-field_24_5\" name=\"wpforms[fields][24][]\" value=\"Africa Lab (10-11 a\u00f1os)\" required ><label class=\"wpforms-field-label-inline\" for=\"wpforms-26289-field_24_5\">Africa Lab (10-11 a\u00f1os)<\/label><\/li><li class=\"choice-6 depth-1\"><input type=\"checkbox\" id=\"wpforms-26289-field_24_6\" name=\"wpforms[fields][24][]\" value=\"Asia Lab (12-13 a\u00f1os\" required ><label class=\"wpforms-field-label-inline\" for=\"wpforms-26289-field_24_6\">Asia Lab (12-13 a\u00f1os<\/label><\/li><li class=\"choice-7 depth-1\"><input type=\"checkbox\" id=\"wpforms-26289-field_24_7\" name=\"wpforms[fields][24][]\" value=\"Oceania Lab (14-15 a\u00f1os)\" required ><label class=\"wpforms-field-label-inline\" for=\"wpforms-26289-field_24_7\">Oceania Lab (14-15 a\u00f1os)<\/label><\/li><li class=\"choice-9 depth-1\"><input type=\"checkbox\" id=\"wpforms-26289-field_24_9\" name=\"wpforms[fields][24][]\" value=\"Antartida Lab (16+)\" required ><label class=\"wpforms-field-label-inline\" for=\"wpforms-26289-field_24_9\">Antartida Lab (16+)<\/label><\/li><\/ul><\/div><div id=\"wpforms-26289-field_12-container\" class=\"wpforms-field wpforms-field-name\" data-field-id=\"12\"><label class=\"wpforms-field-label\">Adulto Responsable <span class=\"wpforms-required-label\">*<\/span><\/label><div class=\"wpforms-field-row wpforms-field-large\"><div class=\"wpforms-field-row-block wpforms-first wpforms-one-half\"><input type=\"text\" id=\"wpforms-26289-field_12\" class=\"wpforms-field-name-first wpforms-field-required\" name=\"wpforms[fields][12][first]\" required><label for=\"wpforms-26289-field_12\" class=\"wpforms-field-sublabel after\">Nombre<\/label><\/div><div class=\"wpforms-field-row-block wpforms-one-half\"><input type=\"text\" id=\"wpforms-26289-field_12-last\" class=\"wpforms-field-name-last wpforms-field-required\" name=\"wpforms[fields][12][last]\" required><label for=\"wpforms-26289-field_12-last\" class=\"wpforms-field-sublabel after\">Apellidos<\/label><\/div><\/div><\/div><div id=\"wpforms-26289-field_1-container\" class=\"wpforms-field wpforms-field-email\" data-field-id=\"1\"><label class=\"wpforms-field-label\" for=\"wpforms-26289-field_1\">Email <span class=\"wpforms-required-label\">*<\/span><\/label><input type=\"email\" id=\"wpforms-26289-field_1\" class=\"wpforms-field-large wpforms-field-required\" name=\"wpforms[fields][1]\" spellcheck=\"false\" required><\/div><div id=\"wpforms-26289-field_17-container\" class=\"wpforms-field wpforms-field-text\" data-field-id=\"17\"><label class=\"wpforms-field-label\" for=\"wpforms-26289-field_17\">Tel\u00e9fono <span class=\"wpforms-required-label\">*<\/span><\/label><input type=\"text\" id=\"wpforms-26289-field_17\" class=\"wpforms-field-large wpforms-field-required\" name=\"wpforms[fields][17]\" required><\/div><div id=\"wpforms-26289-field_15-container\" class=\"wpforms-field wpforms-field-checkbox\" data-field-id=\"15\"><label class=\"wpforms-field-label\">Autorizaci\u00f3n <span class=\"wpforms-required-label\">*<\/span><\/label><ul id=\"wpforms-26289-field_15\" class=\"wpforms-field-required\"><li class=\"choice-1 depth-1\"><input type=\"checkbox\" id=\"wpforms-26289-field_15_1\" name=\"wpforms[fields][15][]\" value=\"Acepto y autorizo\" required ><label class=\"wpforms-field-label-inline\" for=\"wpforms-26289-field_15_1\">Acepto y autorizo<\/label><\/li><\/ul><div class=\"wpforms-field-description wpforms-disclaimer-description\">Doy permiso al aprendiz aqu\u00ed indicado para asistir a este laboratorio de acuerdo con todos los t\u00e9rminos y normas aplicables.<\/div><\/div><\/div><!-- .wpforms-field-container --><div class=\"wpforms-recaptcha-container wpforms-is-turnstile\" ><div class=\"wpforms-turnstile\" data-sitekey=\"0x4AAAAAAAHMZlxugHDPpIud\" data-action=\"FormID-26289\"><\/div><input type=\"text\" name=\"g-recaptcha-hidden\" class=\"wpforms-recaptcha-hidden\" style=\"position:absolute!important;clip:rect(0,0,0,0)!important;height:1px!important;width:1px!important;border:0!important;overflow:hidden!important;padding:0!important;margin:0!important;\" data-rule-turnstile=\"1\"><\/div><div class=\"wpforms-submit-container\" ><input type=\"hidden\" name=\"wpforms[id]\" value=\"26289\"><input type=\"hidden\" name=\"page_title\" value=\"\"><input type=\"hidden\" name=\"page_url\" value=\"https:\/\/aneekamicroschool.com\/index.php\/wp-json\/wp\/v2\/pages\/25132\"><input type=\"hidden\" name=\"url_referer\" value=\"\"><button type=\"submit\" name=\"wpforms[submit]\" id=\"wpforms-submit-26289\" class=\"wpforms-submit\" data-alt-text=\"Enviando...\" data-submit-text=\"Enviar\" aria-live=\"assertive\" value=\"wpforms-submit\">Enviar<\/button><img decoding=\"async\" src=\"https:\/\/aneekamicroschool.com\/wp-content\/plugins\/wpforms-lite\/assets\/images\/submit-spin.svg\" class=\"wpforms-submit-spinner\" style=\"display: none;\" width=\"26\" height=\"26\" alt=\"Cargando\"><\/div><\/form><\/div>  <!-- .wpforms-container -->\t\t\t\t<\/div>\n\t\t\t\t<\/div>\n\t\t\t\t\t<\/div>\n\t\t<\/div>\n\t\t\t\t\t<\/div>\n\t\t<\/section>\n\t\t\t\t<\/div>\n\t\t","protected":false},"excerpt":{"rendered":"<p>Aneeka Microschool Aneeka es un punto de conexi\u00f3n en el que los ni\u00f1os a trav\u00e9s de una educaci\u00f3n alternativa podr\u00e1n aprender y vivir experiencias de aprendizaje significativas. Acompa\u00f1amos a los ni\u00f1os en sus procesos de crecimiento, autoconocimiento y empoderamiento. Propiciamos un ambiente nutritivo para su sano desarrollo, descubrimiento de sus habilidades, pasiones y prop\u00f3sito de [&hellip;]<\/p>\n","protected":false},"author":2,"featured_media":0,"parent":0,"menu_order":0,"comment_status":"closed","ping_status":"closed","template":"","meta":{"_monsterinsights_skip_tracking":false,"_monsterinsights_sitenote_active":false,"_monsterinsights_sitenote_note":"","_monsterinsights_sitenote_category":0,"site-sidebar-layout":"no-sidebar","site-content-layout":"page-builder","ast-site-content-layout":"default","site-content-style":"default","site-sidebar-style":"default","ast-global-header-display":"","ast-banner-title-visibility":"","ast-main-header-display":"","ast-hfb-above-header-display":"","ast-hfb-below-header-display":"","ast-hfb-mobile-header-display":"","site-post-title":"disabled","ast-breadcrumbs-content":"","ast-featured-img":"disabled","footer-sml-layout":"","ast-disable-related-posts":"","theme-transparent-header-meta":"default","adv-header-id-meta":"","stick-header-meta":"","header-above-stick-meta":"","header-main-stick-meta":"","header-below-stick-meta":"","astra-migrate-meta-layouts":"default","ast-page-background-enabled":"default","ast-page-background-meta":{"desktop":{"background-color":"","background-image":"","background-repeat":"repeat","background-position":"center center","background-size":"auto","background-attachment":"scroll","background-type":"","background-media":"","overlay-type":"","overlay-color":"","overlay-opacity":"","overlay-gradient":""},"tablet":{"background-color":"","background-image":"","background-repeat":"repeat","background-position":"center center","background-size":"auto","background-attachment":"scroll","background-type":"","background-media":"","overlay-type":"","overlay-color":"","overlay-opacity":"","overlay-gradient":""},"mobile":{"background-color":"","background-image":"","background-repeat":"repeat","background-position":"center center","background-size":"auto","background-attachment":"scroll","background-type":"","background-media":"","overlay-type":"","overlay-color":"","overlay-opacity":"","overlay-gradient":""}},"ast-content-background-meta":{"desktop":{"background-color":"var(--ast-global-color-5)","background-image":"","background-repeat":"repeat","background-position":"center center","background-size":"auto","background-attachment":"scroll","background-type":"","background-media":"","overlay-type":"","overlay-color":"","overlay-opacity":"","overlay-gradient":""},"tablet":{"background-color":"var(--ast-global-color-5)","background-image":"","background-repeat":"repeat","background-position":"center center","background-size":"auto","background-attachment":"scroll","background-type":"","background-media":"","overlay-type":"","overlay-color":"","overlay-opacity":"","overlay-gradient":""},"mobile":{"background-color":"var(--ast-global-color-5)","background-image":"","background-repeat":"repeat","background-position":"center center","background-size":"auto","background-attachment":"scroll","background-type":"","background-media":"","overlay-type":"","overlay-color":"","overlay-opacity":"","overlay-gradient":""}},"footnotes":""},"class_list":["post-25132","page","type-page","status-publish","hentry"],"aioseo_notices":[],"_links":{"self":[{"href":"https:\/\/aneekamicroschool.com\/index.php\/wp-json\/wp\/v2\/pages\/25132","targetHints":{"allow":["GET"]}}],"collection":[{"href":"https:\/\/aneekamicroschool.com\/index.php\/wp-json\/wp\/v2\/pages"}],"about":[{"href":"https:\/\/aneekamicroschool.com\/index.php\/wp-json\/wp\/v2\/types\/page"}],"author":[{"embeddable":true,"href":"https:\/\/aneekamicroschool.com\/index.php\/wp-json\/wp\/v2\/users\/2"}],"replies":[{"embeddable":true,"href":"https:\/\/aneekamicroschool.com\/index.php\/wp-json\/wp\/v2\/comments?post=25132"}],"version-history":[{"count":0,"href":"https:\/\/aneekamicroschool.com\/index.php\/wp-json\/wp\/v2\/pages\/25132\/revisions"}],"wp:attachment":[{"href":"https:\/\/aneekamicroschool.com\/index.php\/wp-json\/wp\/v2\/media?parent=25132"}],"curies":[{"name":"wp","href":"https:\/\/api.w.org\/{rel}","templated":true}]}}